{"id":418,"date":"2025-04-16T03:05:11","date_gmt":"2025-04-16T03:05:11","guid":{"rendered":"https:\/\/marpalomarmakeup.com\/?post_type=product&#038;p=418"},"modified":"2025-04-28T01:10:14","modified_gmt":"2025-04-28T01:10:14","slug":"dia-de-trabajo-en-produccion","status":"publish","type":"product","link":"https:\/\/marpalomarmakeup.com\/index.php\/producto\/dia-de-trabajo-en-produccion\/","title":{"rendered":"D\u00eda de trabajo en producci\u00f3n"},"content":{"rendered":"<p>D\u00eda de trabajo en producci\u00f3n<\/p>\n","protected":false},"excerpt":{"rendered":"<p>D\u00eda de trabajo en producci\u00f3n<\/p>\n","protected":false},"featured_media":507,"comment_status":"open","ping_status":"closed","template":"","meta":{"_et_pb_use_builder":"","_et_pb_old_content":"","_et_gb_content_width":"","_joinchat":[]},"product_brand":[],"product_cat":[24],"product_tag":[],"class_list":{"0":"post-418","1":"product","2":"type-product","3":"status-publish","4":"has-post-thumbnail","6":"product_cat-publicidad-filmacion","8":"first","9":"instock","10":"shipping-taxable","11":"purchasable","12":"product-type-simple"},"jetpack_sharing_enabled":true,"tiered_pricing_type":"fixed","tiered_pricing_fixed_rules":[],"tiered_pricing_product_settings":{"layout":"default","base_unit_name":{"singular":null,"plural":null},"default_variation":null},"tiered_pricing_minimum_quantity":null,"tiered_pricing_roles_data":[],"tiered_pricing_percentage_rules":[],"_links":{"self":[{"href":"https:\/\/marpalomarmakeup.com\/index.php\/wp-json\/wp\/v2\/product\/418","targetHints":{"allow":["GET"]}}],"collection":[{"href":"https:\/\/marpalomarmakeup.com\/index.php\/wp-json\/wp\/v2\/product"}],"about":[{"href":"https:\/\/marpalomarmakeup.com\/index.php\/wp-json\/wp\/v2\/types\/product"}],"replies":[{"embeddable":true,"href":"https:\/\/marpalomarmakeup.com\/index.php\/wp-json\/wp\/v2\/comments?post=418"}],"wp:featuredmedia":[{"embeddable":true,"href":"https:\/\/marpalomarmakeup.com\/index.php\/wp-json\/wp\/v2\/media\/507"}],"wp:attachment":[{"href":"https:\/\/marpalomarmakeup.com\/index.php\/wp-json\/wp\/v2\/media?parent=418"}],"wp:term":[{"taxonomy":"product_brand","embeddable":true,"href":"https:\/\/marpalomarmakeup.com\/index.php\/wp-json\/wp\/v2\/product_brand?post=418"},{"taxonomy":"product_cat","embeddable":true,"href":"https:\/\/marpalomarmakeup.com\/index.php\/wp-json\/wp\/v2\/product_cat?post=418"},{"taxonomy":"product_tag","embeddable":true,"href":"https:\/\/marpalomarmakeup.com\/index.php\/wp-json\/wp\/v2\/product_tag?post=418"}],"curies":[{"name":"wp","href":"https:\/\/api.w.org\/{rel}","templated":true}]}}